{"id":2023,"date":"2019-08-22T16:32:15","date_gmt":"2019-08-22T14:32:15","guid":{"rendered":"https:\/\/seetro.org\/2019\/?page_id=2023"},"modified":"2019-09-20T21:19:24","modified_gmt":"2019-09-20T19:19:24","slug":"scientific-programme","status":"publish","type":"page","link":"https:\/\/seetro.org\/2019\/scientific-programme\/","title":{"rendered":"Scientific Programme"},"content":{"rendered":"<p>[vc_row full_width=&#8221;stretch_row_content&#8221; css=&#8221;.vc_custom_1566492450573{background-color: #e5f9ff !important;}&#8221;][vc_column width=&#8221;1\/6&#8243;][vc_empty_space height=&#8221;150px&#8221;][vc_single_image image=&#8221;1993&#8243; img_size=&#8221;&#8221;][vc_empty_space][vc_column_text]<\/p>\n<h2><em><strong><span style=\"color: #ff0000;\"><u>Organizers:<\/u><\/span><\/strong><\/em><\/h2>\n<p>[\/vc_column_text][vc_empty_space][vc_single_image image=&#8221;2014&#8243;][vc_empty_space][vc_single_image image=&#8221;2041&#8243; img_size=&#8221;&#8221;][vc_empty_space][vc_single_image image=&#8221;1834&#8243; img_size=&#8221;&#8221;][\/vc_column][vc_column width=&#8221;2\/3&#8243;][vc_empty_space height=&#8221;150px&#8221;][vc_column_text]<\/p>\n<h4>The aim of the organisers is to provide an up-to-date scientific programme covering advanced practices in radiotherapy as well as roles and responsibilities of the RTT\u2019s. We will be focusing on patient care, imaging in planning process, imaging in treatment process, setup and imobilisation, modern techniquess in radiation therapy (IMRT, VMAT, BRT, adaptive RT, motion management, \u2026) and\u00a0 RTT\u2019s responsibilities and duties.<br \/>\nA wide range of\u00a0 sessions will be offered, comprising:<\/h4>\n<h4>* Lectures<br \/>\n* Practical Sessions<br \/>\n* Special Sessions<br \/>\n* Poster Sessions<\/h4>\n<h3><strong><u>Friday, 4.10.<\/u><\/strong><\/h3>\n<p>&nbsp;<\/p>\n<h4><strong>QUALITY ASSURANCE, SAFETY <\/strong><\/h4>\n<p>14.30 \u2013 15.40<\/p>\n<p>Chair: A.Oklje\u0161a Luki\u010d (SL)<\/p>\n<p>Chair: V. Karad\u017ea (HR)<\/p>\n<p>14.30 &#8211; 14.50\u00a0\u00a0\u00a0\u00a0\u00a0\u00a0\u00a0\u00a0\u00a0 M. Mleku\u017e (RTT): <em>Segment gradient based technique for craniospinal irradiation with VMAT(SI)<\/em><\/p>\n<p>14.50 &#8211; 15.10\u00a0\u00a0\u00a0\u00a0\u00a0\u00a0\u00a0\u00a0\u00a0 A. Pol\u0161ak (MF): <em>Review of biggest radiotherapy accidents and what can we learn from them(SI)<\/em><\/p>\n<p>15.10 &#8211; 15.40\u00a0\u00a0\u00a0\u00a0\u00a0\u00a0\u00a0\u00a0\u00a0 M. Vejda (VARIAN): Varian Strategy and Portfolio News<\/p>\n<p>15.40 &#8211; 16.10\u00a0\u00a0\u00a0\u00a0\u00a0\u00a0\u00a0\u00a0\u00a0 <strong>COFFE BREAK<\/strong><\/p>\n<p>&nbsp;<\/p>\n<h4><strong>PATIENT CARE (RT of children, claustrophobic patients, information to patients, psychology)<\/strong><\/h4>\n<p>16.10 \u2013 17.20<\/p>\n<p>Chair: I.\u010curi\u0107 (RS)<\/p>\n<p>Chair: I. Payanova (BG)<\/p>\n<p>16.10 \u2013 16.40\u00a0 \u00a0 \u00a0 \u00a0 \u00a0Yohei Watanabe &#8211; Global Product Manager Radiation Oncology, Siemens Healthineers:<\/p>\n<p><em>\u00a0 \u00a0 \u00a0 \u00a0 \u00a0 \u00a0 \u00a0 \u00a0 \u00a0 \u00a0 \u00a0 \u00a0 \u00a0 \u00a0 \u00a0 \u00a0 \u00a0 New world of CT simulation \u2013 scientific update<\/em><\/p>\n<p>16.40 \u2013 17.00\u00a0\u00a0\u00a0\u00a0\u00a0\u00a0\u00a0\u00a0\u00a0 M. Coffey (Adjunct Associate Prof.):\u00a0<em>ESTRO lecture &#8211; The RTT <\/em><\/p>\n<p><em>\u00a0 \u00a0 \u00a0 \u00a0 \u00a0 \u00a0 \u00a0 \u00a0 \u00a0 \u00a0 \u00a0 \u00a0 \u00a0 \u00a0 \u00a0 \u00a0 \u00a0 role in patient care (IRL)<\/em><\/p>\n<p>17.00 \u2013 17.20\u00a0\u00a0\u00a0\u00a0\u00a0\u00a0\u00a0\u00a0\u00a0 V. \u017dager \u00a0Marciu\u0161 (PhD RTT):\u00a0<em>The role of radiation therapists <\/em><\/p>\n<p><em>\u00a0 \u00a0 \u00a0 \u00a0 \u00a0 \u00a0 \u00a0 \u00a0 \u00a0 \u00a0 \u00a0 \u00a0 \u00a0 \u00a0 \u00a0 \u00a0 \u00a0 in patients with claustrophobia in radiotherapy (SI)<\/em><\/p>\n<p>17.20 \u2013 17.50\u00a0\u00a0\u00a0\u00a0\u00a0\u00a0\u00a0\u00a0\u00a0 E. Barini (ELEKTA): Elekta Unity driving MR\/RT<\/p>\n<p>18.00\u00a0 \u00a0 \u00a0 \u00a0 \u00a0 \u00a0 \u00a0 \u00a0 \u00a0 \u00a0 \u00a0 \u00a0<strong>WELCOME DRINK<\/strong><\/p>\n<p>&nbsp;<\/p>\n<h3><strong><u>Saturday, 5.10.<\/u><\/strong><\/h3>\n<p>&nbsp;<\/p>\n<h4><strong>EDUCATION, TEACHING<\/strong><\/h4>\n<p>9.00 \u2013 10.30<\/p>\n<p>Chair: V. \u017dager Marciu\u0161 (SL)<\/p>\n<p>Chair: M. Leech (IR)<\/p>\n<p>9.00 &#8211; 9.20\u00a0\u00a0\u00a0\u00a0\u00a0\u00a0\u00a0\u00a0\u00a0\u00a0\u00a0\u00a0\u00a0 E. Aluki\u010d (RTT): <em>University radiography courses in Slovenia (SI)<\/em><\/p>\n<p>9.20 &#8211; 9.40\u00a0\u00a0\u00a0\u00a0\u00a0\u00a0\u00a0\u00a0\u00a0\u00a0\u00a0\u00a0\u00a0 J. Stevanovi\u0107 (RTT): <em>Improvment of university student skills by simulation exercise (RS)<\/em><\/p>\n<p>9.40 &#8211; 10.00\u00a0\u00a0\u00a0\u00a0\u00a0\u00a0\u00a0\u00a0\u00a0\u00a0\u00a0 M. Coffey (Adjunct Associate Prof.): <em>ESTRO lecture &#8211; Educating the RTT of the future (IRL)<\/em><\/p>\n<p>10.00 &#8211; 10.30\u00a0\u00a0\u00a0\u00a0\u00a0\u00a0\u00a0\u00a0\u00a0 <em>C. Huang (VARIAN): A Shared Vision for the Future of Adaptive Care<\/em><\/p>\n<p>10.30 &#8211; 10.50\u00a0\u00a0\u00a0\u00a0\u00a0\u00a0\u00a0\u00a0\u00a0 <strong>COFFE BREAK<\/strong><\/p>\n<p>&nbsp;<\/p>\n<h4><strong>SRS, SRT, SBRT (protocols, imobilisation,verification)<\/strong><\/h4>\n<p>10.50 \u2013 12.10<\/p>\n<p>Chair: D. Cipri\u0107 (HR)<\/p>\n<p>Chair: M. Coffey (IRL)<\/p>\n<p>10.50 &#8211; 11.10 \u00a0\u00a0\u00a0\u00a0\u00a0\u00a0\u00a0\u00a0 \u0110.Harmicar (RTT): <em>New possibilities and indications in intracranial <\/em><\/p>\n<p><em>\u00a0 \u00a0 \u00a0 \u00a0 \u00a0 \u00a0 \u00a0 \u00a0 \u00a0 \u00a0 \u00a0 \u00a0 \u00a0 \u00a0 \u00a0 \u00a0 \u00a0metastatic diseases &#8211; neuroradiosurgery (SRS)(HR)<\/em><\/p>\n<p>11.10 &#8211; 11.30\u00a0\u00a0\u00a0\u00a0\u00a0\u00a0\u00a0\u00a0\u00a0 A. \u015eafek (RTT): <em>Motion management in prostate SBRT (TR)<\/em><\/p>\n<p>11.30 &#8211; 11.50\u00a0\u00a0\u00a0\u00a0\u00a0\u00a0\u00a0\u00a0\u00a0 G. Firtina <em>(RTT)<\/em>: <em>Motion management for lung cancers using <\/em><\/p>\n<p><em>\u00a0 \u00a0 \u00a0 \u00a0 \u00a0 \u00a0 \u00a0 \u00a0 \u00a0 \u00a0 \u00a0 \u00a0 \u00a0 \u00a0 \u00a0 \u00a0 \u00a0cyberknife robotic radiosurgery device (TR)<\/em><\/p>\n<p>11.50 &#8211; 12.10\u00a0 \u00a0 \u00a0 \u00a0 \u00a0 S. Ga\u0161par (RTT): \u201cCalypso extracranial tracking&#8221; system in radiosurgery<em> (HR)<\/em><\/p>\n<p>12.10 &#8211; 13.10\u00a0\u00a0\u00a0\u00a0\u00a0\u00a0\u00a0\u00a0\u00a0 <strong>LUNCH<\/strong><\/p>\n<h4><\/h4>\n<h4><strong>IMAGING IN PLANING PROCESS (CT, MR, PETCT,setup and imobilisation)<\/strong><\/h4>\n<p>13.10 \u2013 14.30<\/p>\n<p>Chair: A. Kostovski (BA)<\/p>\n<p>Chair: M. Jeraj (SL)<\/p>\n<p>13.10 &#8211; 13.40\u00a0\u00a0\u00a0\u00a0\u00a0\u00a0\u00a0\u00a0\u00a0 M. Leech (Associate Prof.): <em>ESTRO lecture\u00a0 &#8211; <\/em><em>Positioning and <\/em><em>immobilisation &#8211; the key to <\/em><\/p>\n<p><em>\u00a0 \u00a0 \u00a0 \u00a0 \u00a0 \u00a0 \u00a0 \u00a0 \u00a0 \u00a0 \u00a0 \u00a0 \u00a0 \u00a0 \u00a0 \u00a0 \u00a0 a quality treatment plan and a<\/em><em>\u00a0successful treatment (IRL)<\/em><\/p>\n<p>13.40 &#8211; 14.00\u00a0 \u00a0 \u00a0 \u00a0 \u00a0 A.Jovanovska, I.Payanova, A.Hristova (RTT): <em>Aplication of PET\/CT in radiothetapy treatment planning <\/em><\/p>\n<p><em>\u00a0 \u00a0 \u00a0 \u00a0 \u00a0 \u00a0 \u00a0 \u00a0 \u00a0 \u00a0 \u00a0 \u00a0 \u00a0 \u00a0 \u00a0 \u00a0 \u00a0 for linear accelerator halcyon (BG)<\/em><\/p>\n<p>14.00 &#8211; 14.20\u00a0 \u00a0 \u00a0 \u00a0 \u00a0 E. Erge (RTT): <em>The superiority of 4D CT imaging to conventional CT imaging (TR)<\/em><\/p>\n<p><strong>\u00a0<\/strong><\/p>\n<h4><strong>IMAGING IN TREATMENT PROCESS (IGRT, CBCT, 4D CBCT, UZ, protocols)<\/strong><\/h4>\n<p>14.30 \u2013 16.20<\/p>\n<p>Chair: A. Safek (TR)<\/p>\n<p>Chair: D. Dostal (SL)<\/p>\n<p>14.30 &#8211; 14.50\u00a0\u00a0\u00a0\u00a0\u00a0\u00a0\u00a0\u00a0\u00a0 R. Ljubijanki\u0107, E. Kuduzovi\u0107 (RTT): <em>Ultrasound urinary bladder volume control <\/em><\/p>\n<p><em>\u00a0 \u00a0 \u00a0 \u00a0 \u00a0 \u00a0 \u00a0 \u00a0 \u00a0 \u00a0 \u00a0 \u00a0 \u00a0 \u00a0 \u00a0 \u00a0 \u00a0during radiotherapy of gyneco urological <\/em><em>cancers (SI)<\/em><\/p>\n<p>14.50 &#8211; 15.10\u00a0\u00a0\u00a0\u00a0\u00a0\u00a0\u00a0\u00a0\u00a0 I. Rani\u0107, K. \u0160njari\u0107 (RTT): <em>Proper radiotherapy treatment preparation <\/em><\/p>\n<p><em>\u00a0 \u00a0 \u00a0 \u00a0 \u00a0 \u00a0 \u00a0 \u00a0 \u00a0 \u00a0 \u00a0 \u00a0 \u00a0 \u00a0 \u00a0 \u00a0 \u00a0for prostate cancer patients (HR)<\/em><\/p>\n<p>15.10 &#8211; 15.30\u00a0\u00a0\u00a0\u00a0\u00a0\u00a0\u00a0\u00a0\u00a0 E. Al-Khazae, M. Han (RTT) : <em>Comparison between two different techniques of patient positioning <\/em><\/p>\n<p><em>\u00a0 \u00a0 \u00a0 \u00a0 \u00a0 \u00a0 \u00a0 \u00a0 \u00a0 \u00a0 \u00a0 \u00a0 \u00a0 \u00a0 \u00a0 \u00a0 \u00a0for prostate cancer <\/em><em>image-guided radiation (HR)<\/em><\/p>\n<p>15.30 &#8211; 15.50\u00a0\u00a0\u00a0\u00a0\u00a0\u00a0\u00a0\u00a0\u00a0 A. Petkovi\u0107, V.Bi\u0161of, J. Bibi\u0107\u00a0 (RTT) : <em>Determination of prostate margins in clinical practice (HR)<\/em><\/p>\n<p>15.50 &#8211; 16.20\u00a0\u00a0\u00a0\u00a0\u00a0\u00a0\u00a0\u00a0\u00a0 <em>M. Wenke (RaySearch): Machine Learning &amp; Analytics at RaySearch<\/em><\/p>\n<p>16.20 &#8211; 16.40\u00a0\u00a0\u00a0\u00a0\u00a0\u00a0\u00a0\u00a0\u00a0 <strong>COFFE BREAK<\/strong><\/p>\n<p><strong>\u00a0<\/strong><\/p>\n<h4><strong>\u00a0<\/strong><strong>MODERN TECHNIQUES IN RADIATION THERAPY<\/strong><\/h4>\n<p><strong>\u00a0<\/strong>16.40 \u2013 18.00<\/p>\n<p>Chair: J. Stevanovi\u0107 (RS)<\/p>\n<p>Chair: L. Ilijev (BG)<\/p>\n<p>16.40 &#8211; 17.00\u00a0\u00a0\u00a0\u00a0\u00a0\u00a0\u00a0\u00a0\u00a0 D. Drlja\u010da (RTT): <em>Implementation of VMAT\/SIB with extended volumes in <\/em><\/p>\n<p><em>\u00a0 \u00a0 \u00a0 \u00a0 \u00a0 \u00a0 \u00a0 \u00a0 \u00a0 \u00a0 \u00a0 \u00a0 \u00a0 \u00a0 \u00a0 \u00a0 \u00a0 gyn malignancies, RTT`S role (BA)<\/em><\/p>\n<p>17.00 &#8211; 17.20\u00a0 \u00a0 \u00a0 \u00a0 \u00a0 A. Kostovski (RTT): <em>Practical implementation of DIBH radiotherapy in treatment <\/em><\/p>\n<p><em>\u00a0 \u00a0 \u00a0 \u00a0 \u00a0 \u00a0 \u00a0 \u00a0 \u00a0 \u00a0 \u00a0 \u00a0 \u00a0 \u00a0 \u00a0 \u00a0 \u00a0 of left sided breast carcinoma, RTTS point of view (BA) <\/em><\/p>\n<p>17.20 &#8211; 17.40\u00a0\u00a0\u00a0\u00a0\u00a0\u00a0\u00a0\u00a0\u00a0 H.S Yaman (RTT): <em>Optical surface tracking system (TR)<\/em><\/p>\n<p>17.40 &#8211; 18.00\u00a0\u00a0\u00a0\u00a0\u00a0\u00a0\u00a0\u00a0\u00a0 D. Cviji\u0107, P. Zebec (RTT): <em>Is it possible to reduce radiation dose to the heart <\/em><\/p>\n<p><em>\u00a0 \u00a0 \u00a0 \u00a0 \u00a0 \u00a0 \u00a0 \u00a0 \u00a0 \u00a0 \u00a0 \u00a0 \u00a0 \u00a0 \u00a0 \u00a0 \u00a0 on left-sided breast cancer patients using <\/em><em>existing equipment? (SI)<\/em><\/p>\n<p>20.00\u00a0\u00a0\u00a0\u00a0\u00a0\u00a0\u00a0\u00a0\u00a0\u00a0\u00a0\u00a0\u00a0\u00a0\u00a0\u00a0\u00a0\u00a0\u00a0\u00a0\u00a0 <strong>OFFICIAL DINNER<\/strong><\/p>\n<p><strong>\u00a0<\/strong><\/p>\n<h3><strong><u>Sunday, 6.10.<\/u><\/strong><\/h3>\n<p>&nbsp;<\/p>\n<h4><strong>WORKSHOPS (Department of Radiotherapy, Institute of Oncology Ljubljana)<\/strong><\/h4>\n<p>&nbsp;<\/p>\n<h4><strong>On site live demo presentations &#8211; from 9.30am &#8211; 12am: <\/strong><\/h4>\n<ol>\n<li>M. Jeraj (RTT): <em>Breast radiotherapy &#8211; special techniquess<\/em> (PA breast support and motion management with ABC) (SI)<\/li>\n<li>L. Madureira, R. Postma:<em> CIVCO Frameless Stereotactic Radiotherapy<\/em><\/li>\n<li>S. Baldwin, T. Swayne<em>: Qfix Encompass Frameless SRS Solution<\/em><\/li>\n<li>M. Vejda, C. Huang: <em>HyperArc workshop<\/em><\/li>\n<\/ol>\n<p>[\/vc_column_text][vc_empty_space height=&#8221;50&#8243;][\/vc_column][vc_column width=&#8221;1\/6&#8243;][vc_empty_space height=&#8221;150px&#8221;][vc_column_text]<\/p>\n<h2><em><strong><span style=\"color: #ff0000;\"><u>Sponsors:<\/u><\/span><\/strong><\/em><\/h2>\n<p>[\/vc_column_text][vc_empty_space height=&#8221;10px&#8221;][vc_single_image image=&#8221;1967&#8243; img_size=&#8221;&#8221;][vc_empty_space height=&#8221;10px&#8221;][vc_single_image image=&#8221;1968&#8243; img_size=&#8221;&#8221;][vc_empty_space height=&#8221;10px&#8221;][vc_single_image image=&#8221;2079&#8243; img_size=&#8221;&#8221;][vc_empty_space height=&#8221;10px&#8221;][vc_single_image image=&#8221;2076&#8243; img_size=&#8221;&#8221;][vc_empty_space height=&#8221;10px&#8221;][vc_single_image image=&#8221;2037&#8243; img_size=&#8221;&#8221;][vc_empty_space height=&#8221;10px&#8221;][vc_single_image image=&#8221;2036&#8243; img_size=&#8221;&#8221;][vc_empty_space height=&#8221;10px&#8221;][vc_single_image image=&#8221;2035&#8243; img_size=&#8221;&#8221;][vc_empty_space height=&#8221;10px&#8221;][vc_single_image image=&#8221;2040&#8243; img_size=&#8221;120&#215;120&#8243;][vc_empty_space height=&#8221;10px&#8221;][vc_single_image image=&#8221;2039&#8243; img_size=&#8221;160&#215;35&#8243;][vc_empty_space height=&#8221;10px&#8221;][vc_single_image image=&#8221;2038&#8243; img_size=&#8221;80&#215;80&#8243;][vc_empty_space height=&#8221;15px&#8221;][vc_single_image image=&#8221;2020&#8243; img_size=&#8221;150&#215;30&#8243;][vc_empty_space height=&#8221;15px&#8221;][vc_single_image image=&#8221;2078&#8243; img_size=&#8221;&#8221;][\/vc_column][\/vc_row]<\/p>\n","protected":false},"excerpt":{"rendered":"<p>[vc_row full_width=&#8221;stretch_row_content&#8221; css=&#8221;.vc_custom_1566492450573{background-color: #e5f9ff !important;}&#8221;][vc_column width=&#8221;1\/6&#8243;][vc_empty_space height=&#8221;150px&#8221;][vc_single_image image=&#8221;1993&#8243; img_size=&#8221;&#8221;][vc_empty_space][vc_column_text] Organizers: [\/vc_column_text][vc_empty_space][vc_single_image image=&#8221;2014&#8243;][vc_empty_space][vc_single_image image=&#8221;2041&#8243; img_size=&#8221;&#8221;][vc_empty_space][vc_single_image image=&#8221;1834&#8243; img_size=&#8221;&#8221;][\/vc_column][vc_column width=&#8221;2\/3&#8243;][vc_empty_space height=&#8221;150px&#8221;][vc_column_text] The aim of the organisers is to provide an up-to-date scientific programme covering advanced practices in radiotherapy as well as roles and responsibilities of<\/p>\n","protected":false},"author":2,"featured_media":0,"parent":0,"menu_order":0,"comment_status":"closed","ping_status":"closed","template":"home_template.php","meta":{"footnotes":""},"_links":{"self":[{"href":"https:\/\/seetro.org\/2019\/wp-json\/wp\/v2\/pages\/2023"}],"collection":[{"href":"https:\/\/seetro.org\/2019\/wp-json\/wp\/v2\/pages"}],"about":[{"href":"https:\/\/seetro.org\/2019\/wp-json\/wp\/v2\/types\/page"}],"author":[{"embeddable":true,"href":"https:\/\/seetro.org\/2019\/wp-json\/wp\/v2\/users\/2"}],"replies":[{"embeddable":true,"href":"https:\/\/seetro.org\/2019\/wp-json\/wp\/v2\/comments?post=2023"}],"version-history":[{"count":20,"href":"https:\/\/seetro.org\/2019\/wp-json\/wp\/v2\/pages\/2023\/revisions"}],"predecessor-version":[{"id":2096,"href":"https:\/\/seetro.org\/2019\/wp-json\/wp\/v2\/pages\/2023\/revisions\/2096"}],"wp:attachment":[{"href":"https:\/\/seetro.org\/2019\/wp-json\/wp\/v2\/media?parent=2023"}],"curies":[{"name":"wp","href":"https:\/\/api.w.org\/{rel}","templated":true}]}}