{"id":153,"date":"2025-02-17T20:26:52","date_gmt":"2025-02-17T20:26:52","guid":{"rendered":"https:\/\/seetro.org\/2025\/academics\/"},"modified":"2025-08-02T15:27:34","modified_gmt":"2025-08-02T15:27:34","slug":"rgstpcs","status":"publish","type":"page","link":"https:\/\/seetro.org\/2025\/rgstpcs\/","title":{"rendered":"Registration and Topics"},"content":{"rendered":"\t\t<div data-elementor-type=\"wp-page\" data-elementor-id=\"153\" class=\"elementor elementor-153\">\n\t\t\t\t<div class=\"elementor-element elementor-element-d2d8909 e-flex e-con-boxed e-con e-parent\" data-id=\"d2d8909\" data-element_type=\"container\">\n\t\t\t\t\t<div class=\"e-con-inner\">\n\t\t\t\t<div class=\"elementor-element elementor-element-5caee5e elementor-widget elementor-widget-html\" data-id=\"5caee5e\" data-element_type=\"widget\" data-widget_type=\"html.default\">\n\t\t\t\t<div class=\"elementor-widget-container\">\n\t\t\t\t\t<!DOCTYPE html>\r\n<html lang=\"tr\">\r\n<head>\r\n  <meta charset=\"UTF-8\">\r\n  <meta name=\"viewport\" content=\"width=device-width, initial-scale=1.0\">\r\n  <title>Kongre Kat\u0131l\u0131m \u00dccretleri<\/title>\r\n  <style>\r\n    body {\r\n      margin: 0;\r\n      font-family: Arial, sans-serif;\r\n      background-color: #f0f2f5;\r\n    }\r\n\r\n    \/* --- B\u00d6L\u00dcM KAPSAYICI ST\u0130L\u0130 --- *\/\r\n    .section-wrapper {\r\n        background-color: #ffffff;\r\n        border-radius: 15px;\r\n        padding: 40px;\r\n        margin: 40px auto;\r\n        max-width: 1100px;\r\n        box-shadow: 0 4px 20px rgba(0,0,0,0.08);\r\n    }\r\n\r\n    \/* --- GENEL BA\u015eLIK VE MET\u0130N ST\u0130LLER\u0130 --- *\/\r\n    h1, .section-title {\r\n      text-align: center;\r\n      font-weight: bold;\r\n      color: #333;\r\n      margin-top: 0;\r\n    }\r\n    h1 { font-size: 42px; margin-bottom: 15px; }\r\n    .section-title { font-size: 36px; margin-bottom: 40px; }\r\n    \r\n    .intro-text {\r\n        text-align: center;\r\n        color: #555;\r\n        font-size: 16px;\r\n        line-height: 1.6;\r\n        max-width: 800px;\r\n        margin: 0 auto 40px auto;\r\n    }\r\n\r\n    \/* --- KUTULARIN YER ALDI\u011eI FLEX KONTEYNER --- *\/\r\n    .container {\r\n      display: flex;\r\n      flex-wrap: wrap;\r\n      justify-content: center;\r\n      gap: 30px;\r\n    }\r\n    \r\n    \/* --- TEKL\u0130 KUTU ST\u0130LLER\u0130 (ORTAK) --- *\/\r\n    .box {\r\n      border-radius: 10px;\r\n      padding: 30px 20px;\r\n      width: 300px;\r\n      text-align: center;\r\n      box-shadow: 0 0 10px rgba(0,0,0,0.1);\r\n      display: flex;\r\n      flex-direction: column;\r\n      justify-content: space-between;\r\n    }\r\n\r\n    .box h2 {\r\n      font-size: 22px;\r\n      margin-top: 0;\r\n      margin-bottom: 15px;\r\n      font-weight: bold;\r\n    }\r\n\r\n    .price {\r\n      font-size: 40px;\r\n      font-weight: bold;\r\n      margin: 10px 0;\r\n    }\r\n\r\n    .box p {\r\n      font-size: 14px;\r\n      line-height: 1.6;\r\n      flex-grow: 1;\r\n    }\r\n\r\n    \/* --- KUTU RENKLER\u0130 --- *\/\r\n    .early { background-color: #4a4aff; color: #f0f0f0; }\r\n    .student { background-color: #ffcc00; color: #1a1a1a; }\r\n    .late { background-color: #e63900; color: #ffffff; }\r\n    .tr-early { background-color: #28a745; color: #ffffff; }\r\n    .tr-late { background-color: #007bff; color: #ffffff; }\r\n    \r\n    \/* --- YEN\u0130 EKLENEN \u0130KON ST\u0130LLER\u0130 --- *\/\r\n    .icon-placeholder {\r\n      margin-top: 20px;\r\n      padding-top: 10px;\r\n    }\r\n    \r\n    .arrow-icon {\r\n      width: 32px;\r\n      height: 32px;\r\n      stroke-width: 2.5;\r\n      stroke: currentColor; \/* Rengi \u00fcst eleman\u0131n metin renginden al\u0131r *\/\r\n      fill: none;\r\n      stroke-linecap: round;\r\n      stroke-linejoin: round;\r\n    }\r\n\r\n    \/* --- HESAP B\u0130LG\u0130S\u0130 KUTULARI (ORTAK ST\u0130L) --- *\/\r\n    .account-info-box {\r\n        background-color: #6c757d; \r\n        color: #ffffff;            \r\n        border-radius: 10px;\r\n        padding: 25px;\r\n        box-shadow: 0 0 10px rgba(0,0,0,0.1);\r\n        margin-top: 30px;\r\n        line-height: 1.7;\r\n        font-size: 15px;\r\n        text-align: left;\r\n    }\r\n    .account-info-box h4 {\r\n        margin-top: 0;\r\n        margin-bottom: 15px;\r\n        text-align: center;\r\n        font-size: 18px;\r\n        font-weight: bold;\r\n        color: inherit;\r\n    }\r\n    .account-info-box p { margin: 0; }\r\n\r\n    \/* Kutulara \u00f6zel geni\u015flik ayarlar\u0131 *\/\r\n    .payment-info { width: 960px; }\r\n    .bank-info-tr { width: 960px; } \r\n    \r\n    \/* --- MOB\u0130L UYUMLULUK --- *\/\r\n    @media (max-width: 1200px) {\r\n        .section-wrapper { margin: 30px 20px; padding: 30px; }\r\n        .payment-info, .bank-info-tr {\r\n            width: auto;\r\n        }\r\n    }\r\n    \r\n    @media (max-width: 992px) { \r\n        .payment-info, .bank-info-tr {\r\n           width: 630px;\r\n        }\r\n    }\r\n\r\n    @media (max-width: 768px) {\r\n      .container { flex-direction: column; align-items: center; }\r\n      .box, .account-info-box {\r\n        width: 90%;\r\n        max-width: 400px;\r\n        margin-top: 0; \r\n      }\r\n      h1 { font-size: 32px; }\r\n      .section-title { font-size: 28px; }\r\n      .section-wrapper { padding: 20px; margin: 20px 10px; }\r\n    }\r\n  <\/style>\r\n<\/head>\r\n<body>\r\n\r\n  <!-- EURO KAYIT B\u00d6L\u00dcM\u00dc -->\r\n  <div class=\"section-wrapper\">\r\n    <h1>Congress Registration<\/h1>\r\n    <p class=\"intro-text\">Registration for the 7th SEETRO Congress is now open! Join us in Istanbul for an unforgettable experience filled with insightful presentations, networking opportunities, and the latest advancements in radiation oncology.<\/p>\r\n\r\n    <div class=\"container\">\r\n        <div class=\"box early\">\r\n          <h2>Early Bird<\/h2>\r\n          <div class=\"price\">120\u20ac<\/div>\r\n          <p>Until July 15, 2025<br>Full access (including workshops, coffee breaks)<\/p>\r\n          <div class=\"icon-placeholder\">\r\n            <svg class=\"arrow-icon\" xmlns=\"http:\/\/www.w3.org\/2000\/svg\" viewBox=\"0 0 24 24\"><path d=\"M12 5v14m-7-7l7 7 7-7\"><\/path><\/svg>\r\n          <\/div>\r\n        <\/div>\r\n        <div class=\"box student\">\r\n          <h2>Student<\/h2>\r\n          <div class=\"price\">60\u20ac<\/div>\r\n          <p>Until August 15, 2025<br>Full access (including workshops, coffee breaks)<\/p>\r\n          <div class=\"icon-placeholder\">\r\n            <svg class=\"arrow-icon\" xmlns=\"http:\/\/www.w3.org\/2000\/svg\" viewBox=\"0 0 24 24\"><path d=\"M12 5v14m-7-7l7 7 7-7\"><\/path><\/svg>\r\n          <\/div>\r\n        <\/div>\r\n        <div class=\"box late\">\r\n          <h2>Regular<\/h2>\r\n          <div class=\"price\">150\u20ac<\/div>\r\n          <p>Until August 15, 2025<br>Full access (including workshops, coffee breaks)<\/p>\r\n          <div class=\"icon-placeholder\">\r\n            <svg class=\"arrow-icon\" xmlns=\"http:\/\/www.w3.org\/2000\/svg\" viewBox=\"0 0 24 24\"><path d=\"M12 5v14m-7-7l7 7 7-7\"><\/path><\/svg>\r\n          <\/div>\r\n        <\/div>\r\n        <div class=\"account-info-box payment-info\">\r\n            <h4>Payment Account Information (EUR)<\/h4>\r\n            <p>\r\n                <b>Account Name:<\/b> RADYOTERAP\u0130 TEKN\u0130KERLER\u0130 DERNE\u011e\u0130<br>\r\n                <b>Swift Code:<\/b> ISBKTRIS<br>\r\n                <b>Iban:<\/b> TR020006400000211050793014<br>\r\n                <b>Address:<\/b> G\u00fcm\u00fcspinar Mah. Bilgin Sk. Basin Sit. B Blok no:9 34080 Kartal\/Istanbul\r\n            <\/p>\r\n        <\/div>\r\n    <\/div>\r\n  <\/div>\r\n\r\n  <!-- T\u00dcRK\u0130YE KAYIT B\u00d6L\u00dcM\u00dc -->\r\n  <div class=\"section-wrapper\">\r\n    <h2 class=\"section-title\">T\u00fcrkiye'den kay\u0131t yapt\u0131racak kat\u0131l\u0131mc\u0131lar i\u00e7in kay\u0131t bilgileri a\u015fa\u011f\u0131dad\u0131r.<\/h2>\r\n    <div class=\"container\">\r\n      <!-- Erken Kay\u0131t Kutusu -->\r\n      <div class=\"box tr-early\">\r\n        <h2>Erken Kay\u0131t<\/h2>\r\n        <div class=\"price\">5750 \u20ba<\/div>\r\n        <p>15 Temmuz 2025'e kadar<br>Tam eri\u015fim (\u00e7al\u0131\u015ftaylar ve kahve molalar\u0131 dahildir)<\/p>\r\n        <div class=\"icon-placeholder\">\r\n          <svg class=\"arrow-icon\" xmlns=\"http:\/\/www.w3.org\/2000\/svg\" viewBox=\"0 0 24 24\"><path d=\"M12 5v14m-7-7l7 7 7-7\"><\/path><\/svg>\r\n        <\/div>\r\n      <\/div>\r\n      <!-- Normal Kay\u0131t Kutusu -->\r\n      <div class=\"box tr-late\">\r\n        <h2>Ge\u00e7 Kay\u0131t<\/h2>\r\n        <div class=\"price\">7250 \u20ba<\/div>\r\n        <p>15 A\u011fustos 2025'e kadar<br>Tam eri\u015fim (\u00e7al\u0131\u015ftaylar ve kahve molalar\u0131 dahildir)<\/p>\r\n        <div class=\"icon-placeholder\">\r\n          <svg class=\"arrow-icon\" xmlns=\"http:\/\/www.w3.org\/2000\/svg\" viewBox=\"0 0 24 24\"><path d=\"M12 5v14m-7-7l7 7 7-7\"><\/path><\/svg>\r\n        <\/div>\r\n      <\/div>\r\n      <!-- Banka Bilgileri Kutusu -->\r\n      <div class=\"account-info-box bank-info-tr\">\r\n        <h4>BANKA HESAP B\u0130LG\u0130LER\u0130<\/h4>\r\n        <p>\r\n          <b>Banka Ad\u0131:<\/b> T\u00fcrkiye \u0130\u015f Bankas\u0131<br>\r\n          <b>\u015eube Ad\u0131 ve Kodu:<\/b> Kocamustafapa\u015fa-\u0130stanbul\/1105<br>\r\n          <b>Hesap Ad\u0131:<\/b> Radyoterapi Teknikerleri Derne\u011fi<br>\r\n          <b>TL \u0130ban no:<\/b> TR640006400000111051146632\r\n        <\/p>\r\n      <\/div>\r\n    <\/div>\r\n  <\/div>\r\n\r\n<\/body>\r\n<\/html>\t\t\t\t<\/div>\n\t\t\t\t<\/div>\n\t\t\t\t<div class=\"elementor-element elementor-element-0e46c63 elementor-widget elementor-widget-html\" data-id=\"0e46c63\" data-element_type=\"widget\" data-widget_type=\"html.default\">\n\t\t\t\t<div class=\"elementor-widget-container\">\n\t\t\t\t\t<div style=\"width: 100%; max-width: 1100px; margin: 40px auto; background-color: #ffffff; border-radius: 15px; box-shadow: 0 4px 20px rgba(0,0,0,0.08); padding: 40px; text-align: center; font-family: Arial, sans-serif;\">\r\n  <h2 style=\" margin-top: 0; margin-bottom: 20px; font-weight: bold; color: #333;\">Download Registration Form<\/h2>\r\n  <p style=\"font-size: 20px; line-height: 1.6; color: #555; max-width: 800px; margin: 0 auto 30px;\">\r\n      Click the button below to download the Registration Form.<br>\r\n    Please send the completed form along with your payment receipt to\r\n    <a href=\"mailto:seetroistanbul2025@gmail.com\" style=\"color: #0073aa; text-decoration: none;\">seetroistanbul2025@gmail.com<\/a>.\r\n  <\/p>\r\n  <a href=\"https:\/\/seetro.org\/2025\/wp-content\/uploads\/2025\/08\/Seetro-Registration-Form.pdf\" download\r\n     style=\"display: inline-flex; align-items: center; gap: 10px; background-color: #0073aa; color: #fff; padding: 24px 34px; border-radius: 8px; text-decoration: none; font-weight: bold; font-size: 28px; transition: background-color 0.3s;\">\r\n\r\n    Download Form\r\n  <\/a>\r\n<\/div>\r\n\t\t\t\t<\/div>\n\t\t\t\t<\/div>\n\t\t\t\t\t<\/div>\n\t\t\t\t<\/div>\n\t\t<div class=\"elementor-element elementor-element-39b8e8d e-flex e-con-boxed e-con e-parent\" data-id=\"39b8e8d\" data-element_type=\"container\" data-settings=\"{&quot;background_background&quot;:&quot;gradient&quot;}\">\n\t\t\t\t\t<div class=\"e-con-inner\">\n\t\t\t\t<div class=\"elementor-element elementor-element-3549219 elementor-widget elementor-widget-text-editor\" data-id=\"3549219\" data-element_type=\"widget\" data-widget_type=\"text-editor.default\">\n\t\t\t\t<div class=\"elementor-widget-container\">\n\t\t\t\t\t\t\t\t\t<h3 style=\"font-style: normal; color: #26262c;\"><span style=\"font-weight: bold;\">SEETRO 2025 Congress Abstract Submission Guidelines<\/span><\/h3>\n<h4 style=\"font-style: normal; color: #26262c;\"><span style=\"font-weight: bold; font-size: 2rem; font-style: inherit;\">Important Information<\/span><\/h4>\n<ul style=\"font-size: 16px; font-style: normal; font-weight: 400; color: #3a1414;\">\n \t<li style=\"font-size: 16px;\"><span style=\"font-weight: bold;\">Submission Deadline:<\/span> July 1, 2025<\/li>\n \t<li style=\"font-size: 16px;\"><span style=\"font-weight: bold;\">Email Address:<\/span>\u00a0<a style=\"color: #26262c; transition-property: all;\" href=\"mailto:seetroistanbul2025@gmail.com\">seetroistanbul2025@gmail.com<\/a><\/li>\n \t<li style=\"font-size: 16px;\"><span style=\"font-weight: bold;\">Official Language:<\/span>\u00a0English<\/li>\n \t<li style=\"font-size: 16px;\"><span style=\"font-weight: bold;\">Oral Presentation Duration:<\/span>\u00a0Up to 15 minutes<\/li>\n \t<li style=\"font-size: 16px;\"><span style=\"font-weight: bold;\">Poster Type:<\/span>\u00a0Electronic poster<\/li>\n \t<li><strong>Congress Language:<\/strong> English<\/li>\n<\/ul>\n<p style=\"font-size: 16px; font-style: normal; font-weight: 400; color: #3a1414;\">*All abstract submissions must be sent to the following email address: <strong><a style=\"color: #26262c; transition-property: all;\" href=\"mailto:seetroistanbul2025@gmail.com\">seetroistanbul2025@gmail.com\u00a0<\/a><\/strong><\/p>\nAll submitted forms and abstracts will be reviewed by the organizing committee, and feedback will be provided to participants via the correspondence address.\n<h4 style=\"font-style: normal; color: #26262c;\"><span style=\"font-weight: bold;\">Abstract Structure<\/span><\/h4>\n<p style=\"font-size: 16px; font-style: normal; font-weight: 400; color: #3a1414;\">The abstract should include the following sections:<\/p>\n\n<ol style=\"font-size: 16px; font-style: normal; font-weight: 400; color: #3a1414;\">\n \t<li style=\"font-size: 16px;\">Title in English<\/li>\n \t<li style=\"font-size: 16px;\">Author(s) names and affiliated organization information<\/li>\n \t<li style=\"font-size: 16px;\">Keywords in English (up to 5 words)<\/li>\n \t<li style=\"font-size: 16px;\">Abstract text in English (up to 300 words)<\/li>\n \t<li style=\"font-size: 16px;\">Contact address, email, and telephone information<\/li>\n<\/ol>\n<h4 style=\"font-style: normal; color: #26262c;\"><span style=\"font-weight: bold;\">Technical Requirements<\/span><\/h4>\n<ul style=\"font-size: 16px; font-style: normal; font-weight: 400; color: #3a1414;\">\n \t<li style=\"font-size: 16px;\">File format: *.doc or *.docx<\/li>\n \t<li style=\"font-size: 16px;\">The abstract must be prepared in English<\/li>\n \t<li style=\"font-size: 16px;\">Filename should be written with Latin letters as follows: Name_Surname_Abstract_2025.doc(x) (Example: John_Johnson_Abstract_2025.docx)<\/li>\n \t<li style=\"font-size: 16px;\">Font: Times New Roman \u2013 12 point for text, 14 point for abstract title<\/li>\n \t<li style=\"font-size: 16px;\">Line spacing: Single; Double spacing is allowed between paragraphs<\/li>\n<\/ul>\n<h4 style=\"font-style: normal; color: #26262c;\"><span style=\"font-weight: bold;\">Abstract Content<\/span><\/h4>\n<p style=\"font-size: 16px; font-style: normal; font-weight: 400; color: #3a1414;\">The abstract should include the following sections:<\/p>\n\n<ul style=\"font-size: 16px; font-style: normal; font-weight: 400; color: #3a1414;\">\n \t<li style=\"font-size: 16px;\">Title<\/li>\n \t<li style=\"font-size: 16px;\">Abstract Text<\/li>\n \t<li style=\"font-size: 16px;\">Purpose\/Objective<\/li>\n \t<li style=\"font-size: 16px;\">Materials and Methods<\/li>\n \t<li style=\"font-size: 16px;\">Results<\/li>\n \t<li style=\"font-size: 16px;\">Conclusions<\/li>\n<\/ul>\n<p style=\"font-size: 16px; font-style: normal; font-weight: 400; color: #3a1414;\">For any questions, please email\u00a0<a style=\"color: #26262c; transition-property: all;\" href=\"mailto:seetroistanbul2025@gmail.com\"><strong>seetroistanbul2025@gmail.com<\/strong><\/a>.<\/p>\t\t\t\t\t\t\t\t<\/div>\n\t\t\t\t<\/div>\n\t\t\t\t\t<\/div>\n\t\t\t\t<\/div>\n\t\t<div class=\"elementor-element elementor-element-44dc036 e-flex e-con-boxed e-con e-parent\" data-id=\"44dc036\" data-element_type=\"container\">\n\t\t\t\t\t<div class=\"e-con-inner\">\n\t\t\t\t\t<\/div>\n\t\t\t\t<\/div>\n\t\t<div class=\"elementor-element elementor-element-08c7547 e-flex e-con-boxed e-con e-parent\" data-id=\"08c7547\" data-element_type=\"container\">\n\t\t\t\t\t<div class=\"e-con-inner\">\n\t\t\t\t\t<\/div>\n\t\t\t\t<\/div>\n\t\t\t\t<\/div>\n\t\t","protected":false},"excerpt":{"rendered":"<p>Kongre Kat\u0131l\u0131m \u00dccretleri Congress Registration Registration for the 7th SEETRO Congress is now open! Join us in Istanbul for an unforgettable experience filled with insightful presentations, networking opportunities, and the latest advancements in radiation oncology. Early Bird 120\u20ac Until July 15, 2025Full access (including workshops, coffee breaks) Student 60\u20ac Until August 15, 2025Full access (including [&hellip;]<\/p>\n","protected":false},"author":2,"featured_media":0,"parent":0,"menu_order":0,"comment_status":"closed","ping_status":"closed","template":"","meta":{"site-sidebar-layout":"no-sidebar","site-content-layout":"page-builder","ast-site-content-layout":"","site-content-style":"default","site-sidebar-style":"default","ast-global-header-display":"","ast-banner-title-visibility":"","ast-main-header-display":"","ast-hfb-above-header-display":"","ast-hfb-below-header-display":"","ast-hfb-mobile-header-display":"","site-post-title":"disabled","ast-breadcrumbs-content":"disabled","ast-featured-img":"disabled","footer-sml-layout":"","theme-transparent-header-meta":"default","adv-header-id-meta":"","stick-header-meta":"","header-above-stick-meta":"","header-main-stick-meta":"","header-below-stick-meta":"","astra-migrate-meta-layouts":"default","ast-page-background-enabled":"default","ast-page-background-meta":{"desktop":{"background-color":"","background-image":"","background-repeat":"repeat","background-position":"center center","background-size":"auto","background-attachment":"scroll","background-type":"","background-media":"","overlay-type":"","overlay-color":"","overlay-opacity":"","overlay-gradient":""},"tablet":{"background-color":"","background-image":"","background-repeat":"repeat","background-position":"center center","background-size":"auto","background-attachment":"scroll","background-type":"","background-media":"","overlay-type":"","overlay-color":"","overlay-opacity":"","overlay-gradient":""},"mobile":{"background-color":"","background-image":"","background-repeat":"repeat","background-position":"center center","background-size":"auto","background-attachment":"scroll","background-type":"","background-media":"","overlay-type":"","overlay-color":"","overlay-opacity":"","overlay-gradient":""}},"ast-content-background-meta":{"desktop":{"background-color":"var(--ast-global-color-5)","background-image":"","background-repeat":"repeat","background-position":"center center","background-size":"auto","background-attachment":"scroll","background-type":"","background-media":"","overlay-type":"","overlay-color":"","overlay-opacity":"","overlay-gradient":""},"tablet":{"background-color":"var(--ast-global-color-5)","background-image":"","background-repeat":"repeat","background-position":"center center","background-size":"auto","background-attachment":"scroll","background-type":"","background-media":"","overlay-type":"","overlay-color":"","overlay-opacity":"","overlay-gradient":""},"mobile":{"background-color":"var(--ast-global-color-5)","background-image":"","background-repeat":"repeat","background-position":"center center","background-size":"auto","background-attachment":"scroll","background-type":"","background-media":"","overlay-type":"","overlay-color":"","overlay-opacity":"","overlay-gradient":""}},"footnotes":""},"class_list":["post-153","page","type-page","status-publish","hentry"],"_links":{"self":[{"href":"https:\/\/seetro.org\/2025\/wp-json\/wp\/v2\/pages\/153","targetHints":{"allow":["GET"]}}],"collection":[{"href":"https:\/\/seetro.org\/2025\/wp-json\/wp\/v2\/pages"}],"about":[{"href":"https:\/\/seetro.org\/2025\/wp-json\/wp\/v2\/types\/page"}],"author":[{"embeddable":true,"href":"https:\/\/seetro.org\/2025\/wp-json\/wp\/v2\/users\/2"}],"replies":[{"embeddable":true,"href":"https:\/\/seetro.org\/2025\/wp-json\/wp\/v2\/comments?post=153"}],"version-history":[{"count":116,"href":"https:\/\/seetro.org\/2025\/wp-json\/wp\/v2\/pages\/153\/revisions"}],"predecessor-version":[{"id":1615,"href":"https:\/\/seetro.org\/2025\/wp-json\/wp\/v2\/pages\/153\/revisions\/1615"}],"wp:attachment":[{"href":"https:\/\/seetro.org\/2025\/wp-json\/wp\/v2\/media?parent=153"}],"curies":[{"name":"wp","href":"https:\/\/api.w.org\/{rel}","templated":true}]}}