{"id":1066,"date":"2018-08-15T14:26:13","date_gmt":"2018-08-15T12:26:13","guid":{"rendered":"http:\/\/seetro.org\/2017\/?page_id=1066"},"modified":"2019-09-20T21:26:48","modified_gmt":"2019-09-20T19:26:48","slug":"home","status":"publish","type":"page","link":"https:\/\/seetro.org\/2019\/","title":{"rendered":"Home"},"content":{"rendered":"<p>[vc_row full_width=&#8221;stretch_row&#8221; full_height=&#8221;yes&#8221; css=&#8221;.vc_custom_1560928707344{background-image: url(https:\/\/seetro.org\/2019\/wp-content\/uploads\/2019\/06\/Ljubljana_avtorskas3.png?id=1990) !important;background-position: center !important;background-repeat: no-repeat !important;background-size: cover !important;}&#8221;][vc_column][vc_column_text css_animation=&#8221;none&#8221; css=&#8221;.vc_custom_1566558031843{background-position: center !important;background-repeat: no-repeat !important;background-size: cover !important;}&#8221;]<\/p>\n<p>&nbsp;<\/p>\n<p>&nbsp;<\/p>\n<p>&nbsp;<\/p>\n<p>&nbsp;<\/p>\n<p>&nbsp;<\/p>\n<p>&nbsp;<\/p>\n<p>&nbsp;<\/p>\n<p>&nbsp;<\/p>\n<p>&nbsp;<\/p>\n<p>&nbsp;<\/p>\n<h3 style=\"padding-left: 400px;\"><em><strong><span style=\"color: #ccffff;\">== SEETRO 2019 ==<\/span><\/strong><\/em><\/h3>\n<h3 style=\"padding-left: 80px;\"><em><strong><span style=\"color: #ccffff;\">== 4th Congress of South and East Europe Technology in Radiation Oncology ==<\/span><\/strong><\/em><\/h3>\n<h3 style=\"padding-left: 240px;\"><em><strong><span style=\"color: #ccffff;\">== 4th-6th October 2019, Ljubljana, Slovenia ==<\/span><\/strong><\/em><\/h3>\n<h3 style=\"padding-left: 360px;\"><em><strong><span style=\"color: #ccffff;\">City Hotel Ljubljana, Slovenia<\/span><\/strong><\/em><\/h3>\n<p>[\/vc_column_text][\/vc_column][\/vc_row][vc_row full_width=&#8221;stretch_row_content&#8221; section_id=&#8221;about&#8221; el_id=&#8221;about&#8221; fullwidth=&#8221;no&#8221;][vc_column width=&#8221;1\/6&#8243;][vc_single_image image=&#8221;1993&#8243; img_size=&#8221;&#8221;][vc_empty_space][vc_column_text]<\/p>\n<h2><em><strong><span style=\"color: #ff0000;\"><u>Organizers:<\/u><\/span><\/strong><\/em><\/h2>\n<p>[\/vc_column_text][vc_empty_space][vc_single_image image=&#8221;2014&#8243; img_size=&#8221;&#8221;][vc_empty_space][vc_single_image image=&#8221;1848&#8243; img_size=&#8221;&#8221;][vc_empty_space][vc_single_image image=&#8221;1709&#8243; img_size=&#8221;&#8221;][vc_empty_space][vc_separator border_width=&#8221;8&#8243;][vc_empty_space][vc_column_text]<\/p>\n<h3><em><strong>VENUE LOCATION<\/strong><\/em><\/h3>\n<p>City Hotel Ljubljana<\/p>\n<p>Dalmatinova 15<\/p>\n<p>Slovenia[\/vc_column_text][vc_gmaps link=&#8221;#E-8_JTNDaWZyYW1lJTIwc3JjJTNEJTIyaHR0cHMlM0ElMkYlMkZ3d3cuZ29vZ2xlLmNvbSUyRm1hcHMlMkZlbWJlZCUzRnBiJTNEJTIxMW0xOCUyMTFtMTIlMjExbTMlMjExZDIyNjIuMDQzOTQ3MzU1ODU2MyUyMTJkMTQuNTA1NjYwMDEwOTUxMDEzJTIxM2Q0Ni4wNTM4MzMwMjAxOTM2NCUyMTJtMyUyMTFmMCUyMTJmMCUyMTNmMCUyMTNtMiUyMTFpMTAyNCUyMTJpNzY4JTIxNGYxMy4xJTIxM20zJTIxMW0yJTIxMXMweDQ3NjUzMjlkODNmYjc2Y2YlMjUzQTB4ODVjZTEyN2Q1YTY0YjA0OCUyMTJzRGFsbWF0aW5vdmElMkJ1bGljYSUyQjE1JTI1MkMlMkIxMDAwJTJCTGp1YmxqYW5hJTIxNWUwJTIxM20yJTIxMXNzbCUyMTJzc2klMjE0djE1NTU1MjQ2MDgyMTYlMjE1bTIlMjExc3NsJTIxMnNzaSUyMiUyMHdpZHRoJTNEJTIyNjAwJTIyJTIwaGVpZ2h0JTNEJTIyNDUwJTIyJTIwZnJhbWVib3JkZXIlM0QlMjIwJTIyJTIwc3R5bGUlM0QlMjJib3JkZXIlM0EwJTIyJTIwYWxsb3dmdWxsc2NyZWVuJTNFJTNDJTJGaWZyYW1lJTNF&#8221; size=&#8221;200&#8243;][\/vc_column][vc_column width=&#8221;2\/3&#8243;][vc_column_text]<\/p>\n<h4><strong>SEETRO <\/strong>is the Regional Congress for RTTs (Radiation Technologists \/ Radiation TherapisTs) in the South and East European region, in cooperation with the wider European RTT community.<\/h4>\n<h4>The initiative for this Congress as a regional cooperation between countries came out as a positive feedback from the ESTRO \/ IAEA Train the Trainers project called: \u201eBest Practice in Radiation Oncology \u2013 A Course to Train RTT Trainers\u201c. South and Eastern European countries that participated in this initiative developed a series of locally organised courses, which in time through collaboration between these countries grew and finally resulted in a collaborative Regional concept of professional meeting. The first Regional Congress of RTTs (Radiation Technologists\/Radiotherapists) was held in Belgrade (Serbia) in 2013, and was a huge success. Two years later it was followed by the SEETRO 2015 that was held in Zagreb (Croatia), widening the number of participants to eight countries. Last year, Sofia (Bulgaria) was the host of SEETRO 2017 which grew to 13 participating countries and covered a considerable number of scientific and professional topics. We believe that through the next Congress and many to come, we will carry on with the enthusiasm, cooperation and professional development that has so far proven to be a great experience.<\/h4>\n<hr \/>\n<h3><em><strong>JOIN US IN 2019 in Ljubljana, Slovenia.<\/strong><\/em><\/h3>\n<h2><span style=\"color: #ff0000;\">REGISTRATIONS ARE CLOSED<\/span><\/h2>\n<h2>Below you can find the programme for the 4th SEETRO Congress.<\/h2>\n<hr \/>\n<p>[\/vc_column_text][vc_empty_space][vc_column_text]<\/p>\n<h2 style=\"text-align: center;\"><strong>PROGRAMME SEETRO 2019<\/strong><\/h2>\n<h2 style=\"text-align: center;\"><strong>ADVANCED PRACTICE IN RADIOTHERAPY- roles and responsibilities of the RTT&#8217;s<\/strong><\/h2>\n<hr \/>\n<h3><strong><u>Friday, 4.10.<\/u><\/strong><\/h3>\n<p>11.00 &#8211; 13.30\u00a0 \u00a0 \u00a0 \u00a0 \u00a0 <em>Registration<\/em><\/p>\n<p>13.30 &#8211; 14.00\u00a0 \u00a0 \u00a0 \u00a0 \u00a0<em>Opening ceremony<\/em><\/p>\n<p>14.00 &#8211; 14.30\u00a0 \u00a0 \u00a0 \u00a0 \u00a0Keynote Jaka Jakopi\u010d: sportsman, writer and cancer survivor<\/p>\n<p>&nbsp;<\/p>\n<h4><strong>QUALITY ASSURANCE, SAFETY <\/strong><\/h4>\n<p>14.30 \u2013 15.40<\/p>\n<p>Chair: A.Oklje\u0161a Luki\u010d (SL)<\/p>\n<p>Chair: V. Karad\u017ea (HR)<\/p>\n<p>14.30 &#8211; 14.50\u00a0\u00a0\u00a0\u00a0\u00a0\u00a0\u00a0\u00a0\u00a0 M. Mleku\u017e (RTT): <em>Segment gradient based technique for craniospinal irradiation with VMAT(SI)<\/em><\/p>\n<p>14.50 &#8211; 15.10\u00a0\u00a0\u00a0\u00a0\u00a0\u00a0\u00a0\u00a0\u00a0 A. Pol\u0161ak (MF): <em>Review of biggest radiotherapy accidents and what can we learn from them(SI)<\/em><\/p>\n<p>15.10 &#8211; 15.40\u00a0\u00a0\u00a0\u00a0\u00a0\u00a0\u00a0\u00a0\u00a0 M. Vejda (VARIAN): Varian Strategy and Portfolio News<\/p>\n<p>15.40 &#8211; 16.10\u00a0\u00a0\u00a0\u00a0\u00a0\u00a0\u00a0\u00a0\u00a0 <strong>COFFE BREAK<\/strong><\/p>\n<p>&nbsp;<\/p>\n<h4><strong>PATIENT CARE (RT of children, claustrophobic patients, information to patients, psychology)<\/strong><\/h4>\n<p>16.10 \u2013 17.20<\/p>\n<p>Chair: I.\u010curi\u0107 (RS)<\/p>\n<p>Chair: I. Payanova (BG)<\/p>\n<p>16.10 \u2013 16.40\u00a0 \u00a0 \u00a0 \u00a0 \u00a0Yohei Watanabe &#8211; Global Product Manager Radiation Oncology, Siemens Healthineers:<\/p>\n<p><em>\u00a0 \u00a0 \u00a0 \u00a0 \u00a0 \u00a0 \u00a0 \u00a0 \u00a0 \u00a0 \u00a0 \u00a0 \u00a0 \u00a0 \u00a0 \u00a0 \u00a0 New world of CT simulation \u2013 scientific update<\/em><\/p>\n<p>16.40 \u2013 17.00\u00a0\u00a0\u00a0\u00a0\u00a0\u00a0\u00a0\u00a0\u00a0 M. Coffey (Adjunct Associate Prof.):\u00a0<em>ESTRO lecture &#8211; The RTT <\/em><\/p>\n<p><em>\u00a0 \u00a0 \u00a0 \u00a0 \u00a0 \u00a0 \u00a0 \u00a0 \u00a0 \u00a0 \u00a0 \u00a0 \u00a0 \u00a0 \u00a0 \u00a0 \u00a0 role in patient care (IRL)<\/em><\/p>\n<p>17.00 \u2013 17.20\u00a0\u00a0\u00a0\u00a0\u00a0\u00a0\u00a0\u00a0\u00a0 V. \u017dager \u00a0Marciu\u0161 (PhD RTT):\u00a0<em>The role of radiation therapists <\/em><\/p>\n<p><em>\u00a0 \u00a0 \u00a0 \u00a0 \u00a0 \u00a0 \u00a0 \u00a0 \u00a0 \u00a0 \u00a0 \u00a0 \u00a0 \u00a0 \u00a0 \u00a0 \u00a0 in patients with claustrophobia in radiotherapy (SI)<\/em><\/p>\n<p>17.20 \u2013 17.50\u00a0\u00a0\u00a0\u00a0\u00a0\u00a0\u00a0\u00a0\u00a0 E. Barini (ELEKTA): Elekta Unity driving MR\/RT<\/p>\n<p>18.00\u00a0 \u00a0 \u00a0 \u00a0 \u00a0 \u00a0 \u00a0 \u00a0 \u00a0 \u00a0 \u00a0 \u00a0 <strong>WELCOME DRINK<\/strong><\/p>\n<p>&nbsp;<\/p>\n<h3><strong><u>Saturday, 5.10.<\/u><\/strong><\/h3>\n<p>&nbsp;<\/p>\n<h4><strong>EDUCATION, TEACHING<\/strong><\/h4>\n<p>9.00 \u2013 10.30<\/p>\n<p>Chair: V. \u017dager Marciu\u0161 (SL)<\/p>\n<p>Chair: M. Leech (IR)<\/p>\n<p>9.00 &#8211; 9.20\u00a0\u00a0\u00a0\u00a0\u00a0\u00a0\u00a0\u00a0\u00a0\u00a0\u00a0\u00a0\u00a0 E. Aluki\u010d (RTT): <em>University radiography courses in Slovenia (SI)<\/em><\/p>\n<p>9.20 &#8211; 9.40\u00a0\u00a0\u00a0\u00a0\u00a0\u00a0\u00a0\u00a0\u00a0\u00a0\u00a0\u00a0\u00a0 J. Stevanovi\u0107 (RTT): <em>Improvment of university student skills by simulation exercise (RS)<\/em><\/p>\n<p>9.40 &#8211; 10.00\u00a0\u00a0\u00a0\u00a0\u00a0\u00a0\u00a0\u00a0\u00a0\u00a0\u00a0 M. Coffey (Adjunct Associate Prof.): <em>ESTRO lecture &#8211; Educating the RTT of the future (IRL)<\/em><\/p>\n<p>10.00 &#8211; 10.30\u00a0\u00a0\u00a0\u00a0\u00a0\u00a0\u00a0\u00a0\u00a0 <em>C. Huang (VARIAN): A Shared Vision for the Future of Adaptive Care<\/em><\/p>\n<p>10.30 &#8211; 10.50\u00a0\u00a0\u00a0\u00a0\u00a0\u00a0\u00a0\u00a0\u00a0 <strong>COFFE BREAK<\/strong><\/p>\n<p>&nbsp;<\/p>\n<h4><strong>SRS, SRT, SBRT (protocols, imobilisation,verification)<\/strong><\/h4>\n<p>10.50 \u2013 12.10<\/p>\n<p>Chair: D. Cipri\u0107 (HR)<\/p>\n<p>Chair: M. Coffey (IRL)<\/p>\n<p>10.50 &#8211; 11.10 \u00a0\u00a0\u00a0\u00a0\u00a0\u00a0\u00a0\u00a0 \u0110.Harmicar (RTT): <em>New possibilities and indications in intracranial <\/em><\/p>\n<p><em>\u00a0 \u00a0 \u00a0 \u00a0 \u00a0 \u00a0 \u00a0 \u00a0 \u00a0 \u00a0 \u00a0 \u00a0 \u00a0 \u00a0 \u00a0 \u00a0 \u00a0metastatic diseases &#8211; neuroradiosurgery (SRS)(HR)<\/em><\/p>\n<p>11.10 &#8211; 11.30\u00a0\u00a0\u00a0\u00a0\u00a0\u00a0\u00a0\u00a0\u00a0 A. \u015eafek (RTT): <em>Motion management in prostate SBRT (TR)<\/em><\/p>\n<p>11.30 &#8211; 11.50\u00a0\u00a0\u00a0\u00a0\u00a0\u00a0\u00a0\u00a0\u00a0 G. Firtina <em>(RTT)<\/em>: <em>Motion management for lung cancers using <\/em><\/p>\n<p><em>\u00a0 \u00a0 \u00a0 \u00a0 \u00a0 \u00a0 \u00a0 \u00a0 \u00a0 \u00a0 \u00a0 \u00a0 \u00a0 \u00a0 \u00a0 \u00a0 \u00a0cyberknife robotic radiosurgery device (TR)<\/em><\/p>\n<p>11.50 &#8211; 12.10\u00a0 \u00a0 \u00a0 \u00a0 \u00a0 S. Ga\u0161par (RTT): \u201cCalypso extracranial tracking&#8221; system in radiosurgery<em> (HR)<\/em><\/p>\n<p>12.10 &#8211; 13.10\u00a0\u00a0\u00a0\u00a0\u00a0\u00a0\u00a0\u00a0\u00a0 <strong>LUNCH<\/strong><\/p>\n<h4><\/h4>\n<h4><strong>IMAGING IN PLANING PROCESS (CT, MR, PETCT,setup and imobilisation)<\/strong><\/h4>\n<p>13.10 \u2013 14.30<\/p>\n<p>Chair: A. Kostovski (BA)<\/p>\n<p>Chair: M. Jeraj (SL)<\/p>\n<p>13.10 &#8211; 13.40\u00a0\u00a0\u00a0\u00a0\u00a0\u00a0\u00a0\u00a0\u00a0 M. Leech (Associate Prof.): <em>ESTRO lecture\u00a0 &#8211; <\/em><em>Positioning and <\/em><em>immobilisation &#8211; the key to <\/em><\/p>\n<p><em>\u00a0 \u00a0 \u00a0 \u00a0 \u00a0 \u00a0 \u00a0 \u00a0 \u00a0 \u00a0 \u00a0 \u00a0 \u00a0 \u00a0 \u00a0 \u00a0 \u00a0 a quality treatment plan and a<\/em><em>\u00a0successful treatment (IRL)<\/em><\/p>\n<p>13.40 &#8211; 14.00\u00a0 \u00a0 \u00a0 \u00a0 \u00a0 A.Jovanovska, I.Payanova, A.Hristova (RTT): <em>Aplication of PET\/CT in radiothetapy treatment planning <\/em><\/p>\n<p><em>\u00a0 \u00a0 \u00a0 \u00a0 \u00a0 \u00a0 \u00a0 \u00a0 \u00a0 \u00a0 \u00a0 \u00a0 \u00a0 \u00a0 \u00a0 \u00a0 \u00a0 for linear accelerator halcyon (BG)<\/em><\/p>\n<p>14.00 &#8211; 14.20\u00a0 \u00a0 \u00a0 \u00a0 \u00a0 E. Erge (RTT): <em>The superiority of 4D CT imaging to conventional CT imaging (TR)<\/em><\/p>\n<p><strong>\u00a0<\/strong><\/p>\n<h4><strong>IMAGING IN TREATMENT PROCESS (IGRT, CBCT, 4D CBCT, UZ, protocols)<\/strong><\/h4>\n<p>14.30 \u2013 16.20<\/p>\n<p>Chair: A. Safek (TR)<\/p>\n<p>Chair: D. Dostal (SL)<\/p>\n<p>14.30 &#8211; 14.50\u00a0\u00a0\u00a0\u00a0\u00a0\u00a0\u00a0\u00a0\u00a0 R. Ljubijanki\u0107, E. Kuduzovi\u0107 (RTT): <em>Ultrasound urinary bladder volume control <\/em><\/p>\n<p><em>\u00a0 \u00a0 \u00a0 \u00a0 \u00a0 \u00a0 \u00a0 \u00a0 \u00a0 \u00a0 \u00a0 \u00a0 \u00a0 \u00a0 \u00a0 \u00a0 \u00a0during radiotherapy of gyneco urological <\/em><em>cancers (SI)<\/em><\/p>\n<p>14.50 &#8211; 15.10\u00a0\u00a0\u00a0\u00a0\u00a0\u00a0\u00a0\u00a0\u00a0 I. Rani\u0107, K. \u0160njari\u0107 (RTT): <em>Proper radiotherapy treatment preparation <\/em><\/p>\n<p><em>\u00a0 \u00a0 \u00a0 \u00a0 \u00a0 \u00a0 \u00a0 \u00a0 \u00a0 \u00a0 \u00a0 \u00a0 \u00a0 \u00a0 \u00a0 \u00a0 \u00a0for prostate cancer patients (HR)<\/em><\/p>\n<p>15.10 &#8211; 15.30\u00a0\u00a0\u00a0\u00a0\u00a0\u00a0\u00a0\u00a0\u00a0 E. Al-Khazae, M. Han (RTT) : <em>Comparison between two different techniques of patient positioning <\/em><\/p>\n<p><em>\u00a0 \u00a0 \u00a0 \u00a0 \u00a0 \u00a0 \u00a0 \u00a0 \u00a0 \u00a0 \u00a0 \u00a0 \u00a0 \u00a0 \u00a0 \u00a0 \u00a0for prostate cancer <\/em><em>image-guided radiation (HR)<\/em><\/p>\n<p>15.30 &#8211; 15.50\u00a0\u00a0\u00a0\u00a0\u00a0\u00a0\u00a0\u00a0\u00a0 A. Petkovi\u0107, V.Bi\u0161of, J. Bibi\u0107\u00a0 (RTT) : <em>Determination of prostate margins in clinical practice (HR)<\/em><\/p>\n<p>15.50 &#8211; 16.20\u00a0\u00a0\u00a0\u00a0\u00a0\u00a0\u00a0\u00a0\u00a0 <em>M. Wenke (RaySearch): Machine Learning &amp; Analytics at RaySearch<\/em><\/p>\n<p>16.20 &#8211; 16.40\u00a0\u00a0\u00a0\u00a0\u00a0\u00a0\u00a0\u00a0\u00a0 <strong>COFFE BREAK<\/strong><\/p>\n<p><strong>\u00a0<\/strong><\/p>\n<h4><strong>\u00a0<\/strong><strong>MODERN TECHNIQUES IN RADIATION THERAPY<\/strong><\/h4>\n<p><strong>\u00a0<\/strong>16.40 \u2013 18.00<\/p>\n<p>Chair: J. Stevanovi\u0107 (RS)<\/p>\n<p>Chair: L. Ilijev (BG)<\/p>\n<p>16.40 &#8211; 17.00\u00a0\u00a0\u00a0\u00a0\u00a0\u00a0\u00a0\u00a0\u00a0 D. Drlja\u010da (RTT): <em>Implementation of VMAT\/SIB with extended volumes in <\/em><\/p>\n<p><em>\u00a0 \u00a0 \u00a0 \u00a0 \u00a0 \u00a0 \u00a0 \u00a0 \u00a0 \u00a0 \u00a0 \u00a0 \u00a0 \u00a0 \u00a0 \u00a0 \u00a0 gyn malignancies, RTT`S role (BA)<\/em><\/p>\n<p>17.00 &#8211; 17.20\u00a0 \u00a0 \u00a0 \u00a0 \u00a0 A. Kostovski (RTT): <em>Practical implementation of DIBH radiotherapy in treatment <\/em><\/p>\n<p><em>\u00a0 \u00a0 \u00a0 \u00a0 \u00a0 \u00a0 \u00a0 \u00a0 \u00a0 \u00a0 \u00a0 \u00a0 \u00a0 \u00a0 \u00a0 \u00a0 \u00a0 of left sided breast carcinoma, RTTS point of view (BA) <\/em><\/p>\n<p>17.20 &#8211; 17.40\u00a0\u00a0\u00a0\u00a0\u00a0\u00a0\u00a0\u00a0\u00a0 H.S Yaman (RTT): <em>Optical surface tracking system (TR)<\/em><\/p>\n<p>17.40 &#8211; 18.00\u00a0\u00a0\u00a0\u00a0\u00a0\u00a0\u00a0\u00a0\u00a0 D. Cviji\u0107, P. Zebec (RTT): <em>Is it possible to reduce radiation dose to the heart <\/em><\/p>\n<p><em>\u00a0 \u00a0 \u00a0 \u00a0 \u00a0 \u00a0 \u00a0 \u00a0 \u00a0 \u00a0 \u00a0 \u00a0 \u00a0 \u00a0 \u00a0 \u00a0 \u00a0 on left-sided breast cancer patients using <\/em><em>existing equipment? (SI)<\/em><\/p>\n<p>20.00\u00a0\u00a0\u00a0\u00a0\u00a0\u00a0\u00a0\u00a0\u00a0\u00a0\u00a0\u00a0\u00a0\u00a0\u00a0\u00a0\u00a0\u00a0\u00a0\u00a0\u00a0 <strong>OFFICIAL DINNER<\/strong><\/p>\n<p><strong>\u00a0<\/strong><\/p>\n<h3><strong><u>Sunday, 6.10.<\/u><\/strong><\/h3>\n<p>&nbsp;<\/p>\n<h4><strong>WORKSHOPS (Department of Radiotherapy, Institute of Oncology Ljubljana)<\/strong><\/h4>\n<p>&nbsp;<\/p>\n<h4><strong>On site live demo presentations &#8211; from 9.30am &#8211; 12am: <\/strong><\/h4>\n<ol>\n<li>M. Jeraj (RTT): <em>Breast radiotherapy &#8211; special techniquess<\/em> (PA breast support and motion management with ABC) (SI)<\/li>\n<li>L. Madureira, R. Postma:<em> CIVCO Frameless Stereotactic Radiotherapy<\/em><\/li>\n<li>S. Baldwin, T. Swayne<em>: Qfix Encompass Frameless SRS Solution<\/em><\/li>\n<li>M. Vejda, C. Huang: <em>HyperArc workshop<\/em><\/li>\n<\/ol>\n<p>[\/vc_column_text][\/vc_column][vc_column width=&#8221;1\/6&#8243;][vc_column_text]<\/p>\n<h2><em><strong><span style=\"color: #ff0000;\"><u>Sponsors:<\/u><\/span><\/strong><\/em><\/h2>\n<p>[\/vc_column_text][vc_single_image image=&#8221;1967&#8243; img_size=&#8221;&#8221;][vc_empty_space height=&#8221;10px&#8221;][vc_single_image image=&#8221;1968&#8243; img_size=&#8221;&#8221;][vc_empty_space height=&#8221;10px&#8221;][vc_single_image image=&#8221;2079&#8243; img_size=&#8221;&#8221;][vc_empty_space height=&#8221;10px&#8221;][vc_single_image image=&#8221;2076&#8243; img_size=&#8221;&#8221;][vc_empty_space height=&#8221;10px&#8221;][vc_single_image image=&#8221;1961&#8243; img_size=&#8221;&#8221;][vc_empty_space height=&#8221;10px&#8221;][vc_single_image image=&#8221;1965&#8243; img_size=&#8221;&#8221;][vc_empty_space height=&#8221;10px&#8221;][vc_single_image image=&#8221;2035&#8243; img_size=&#8221;&#8221;][vc_empty_space height=&#8221;10px&#8221;][vc_single_image image=&#8221;1963&#8243; img_size=&#8221;80&#215;80&#8243;][vc_empty_space height=&#8221;10px&#8221;][vc_single_image image=&#8221;1962&#8243; img_size=&#8221;160&#215;35&#8243;][vc_empty_space height=&#8221;10px&#8221;][vc_single_image image=&#8221;1960&#8243; img_size=&#8221;60&#215;60&#8243;][vc_empty_space height=&#8221;15px&#8221;][vc_single_image image=&#8221;2020&#8243; img_size=&#8221;150&#215;30&#8243;][vc_empty_space height=&#8221;15px&#8221;][vc_single_image image=&#8221;2078&#8243; img_size=&#8221;&#8221;][\/vc_column][\/vc_row][vc_row][vc_column][vc_empty_space][\/vc_column][\/vc_row]<\/p>\n","protected":false},"excerpt":{"rendered":"<p>[vc_row full_width=&#8221;stretch_row&#8221; full_height=&#8221;yes&#8221; css=&#8221;.vc_custom_1560928707344{background-image: url(https:\/\/seetro.org\/2019\/wp-content\/uploads\/2019\/06\/Ljubljana_avtorskas3.png?id=1990) !important;background-position: center !important;background-repeat: no-repeat !important;background-size: cover !important;}&#8221;][vc_column][vc_column_text css_animation=&#8221;none&#8221; css=&#8221;.vc_custom_1566558031843{background-position: center !important;background-repeat: no-repeat !important;background-size: cover !important;}&#8221;] &nbsp; &nbsp; &nbsp; &nbsp; &nbsp; &nbsp; &nbsp; &nbsp; &nbsp; &nbsp; == SEETRO 2019 == == 4th Congress of South and East Europe<\/p>\n","protected":false},"author":1,"featured_media":0,"parent":0,"menu_order":0,"comment_status":"closed","ping_status":"closed","template":"home_template.php","meta":{"footnotes":""},"_links":{"self":[{"href":"https:\/\/seetro.org\/2019\/wp-json\/wp\/v2\/pages\/1066"}],"collection":[{"href":"https:\/\/seetro.org\/2019\/wp-json\/wp\/v2\/pages"}],"about":[{"href":"https:\/\/seetro.org\/2019\/wp-json\/wp\/v2\/types\/page"}],"author":[{"embeddable":true,"href":"https:\/\/seetro.org\/2019\/wp-json\/wp\/v2\/users\/1"}],"replies":[{"embeddable":true,"href":"https:\/\/seetro.org\/2019\/wp-json\/wp\/v2\/comments?post=1066"}],"version-history":[{"count":72,"href":"https:\/\/seetro.org\/2019\/wp-json\/wp\/v2\/pages\/1066\/revisions"}],"predecessor-version":[{"id":2097,"href":"https:\/\/seetro.org\/2019\/wp-json\/wp\/v2\/pages\/1066\/revisions\/2097"}],"wp:attachment":[{"href":"https:\/\/seetro.org\/2019\/wp-json\/wp\/v2\/media?parent=1066"}],"curies":[{"name":"wp","href":"https:\/\/api.w.org\/{rel}","templated":true}]}}